{"id":2582,"date":"2026-02-16T15:43:23","date_gmt":"2026-02-16T14:43:23","guid":{"rendered":"https:\/\/st48f.nl\/hekoverkant\/?page_id=2582"},"modified":"2026-03-09T19:13:27","modified_gmt":"2026-03-09T18:13:27","slug":"het-hek-aan-de-overkant","status":"publish","type":"page","link":"https:\/\/st48f.nl\/hekoverkant\/het-hek-aan-de-overkant\/","title":{"rendered":"Het hek aan de overkant"},"content":{"rendered":"<table class=\"alignleft\" style=\"width: 100%; border-collapse: collapse; height: 1168px;\">\n<tbody>\n<tr style=\"height: 369px;\">\n<td style=\"width: 2.49897%; height: 369px;\">&nbsp;<\/td>\n<td style=\"width: 57.1543%; text-align: center; vertical-align: top; height: 369px;\" colspan=\"2\"><img loading=\"lazy\" class=\"aligncenter wp-image-2654\" src=\"https:\/\/st48f.nl\/hekoverkant\/wp-content\/uploads\/sites\/81\/2026\/02\/Afbeelding6PNG.png\" alt=\"\" width=\"221\" height=\"281\" srcset=\"https:\/\/st48f.nl\/hekoverkant\/wp-content\/uploads\/sites\/81\/2026\/02\/Afbeelding6PNG.png 291w, https:\/\/st48f.nl\/hekoverkant\/wp-content\/uploads\/sites\/81\/2026\/02\/Afbeelding6PNG-236x300.png 236w, https:\/\/st48f.nl\/hekoverkant\/wp-content\/uploads\/sites\/81\/2026\/02\/Afbeelding6PNG-230x292.png 230w\" sizes=\"(max-width: 221px) 100vw, 221px\" \/><\/p>\n<p><span style=\"color: #333399;\"><strong>Buurvrouw Leentje:<\/strong> &#8220;Ik heb met genoegen de aanstekelijke verhalen, preken en anekdotes gelezen. Laagdrempelig en in eenvoudig, prettig taalgebruik geschreven.&nbsp; <\/span><span style=\"color: #333399;\">Niet alleen &nbsp;de betekenis van het religieuze karakter van het geschrevene staat voorop in dit boek, maar de liefde en de aandacht en verbinding voor de mens in de verhalen.&nbsp;<\/span><span style=\"color: #333399;\">Onze verbinding zit ook in \u201chet hek aan de overkant\u201d. Want dit is ook mijn hek aan de overkant.&#8221;&nbsp;&nbsp;<\/span><a href=\"https:\/\/st48f.nl\/hekoverkant\/buurvrouw-leentje\/\"><span style=\"color: #333399;\"><em><strong>Lees meer<\/strong><\/em><\/span><\/a><\/td>\n<\/tr>\n<tr style=\"height: 799px;\">\n<td style=\"width: 2.49897%; height: 799px;\">&nbsp;<\/td>\n<td style=\"width: 57.1543%; text-align: center; vertical-align: top; height: 799px;\" colspan=\"2\"><span style=\"color: #333399;\"><strong>Evan Emmink:<\/strong> &#8220;Het boek van Piet leest prettig en vlot. Zoals hij spreekt, zo schrijft hij ook: beeldend, helder en met als hoofddoel dat de lezer het begrijpt. In mijn eigen geloofsleven heeft dit boek mij nieuwe inzichten gegeven.&#8221;&nbsp; <\/span><strong><a href=\"https:\/\/st48f.nl\/hekoverkant\/evan-emmink\/\"><span style=\"color: #333399;\"><em>Lees meer<\/em><\/span><\/a><\/strong><\/p>\n<p><span style=\"color: #333399;\"><strong>Joke Verboom:<\/strong> Piet Speelman verstaat de kunst om met gewone gebeurtenissen Bijbelverhalen dichterbij te brengen. Bij hem tref je geen theologische hoogstandjes aan, dat hoeft ook niet. <\/span><strong style=\"font-family: inherit; font-size: inherit;\"><a href=\"https:\/\/st48f.nl\/hekoverkant\/joke-verboom\/\"><span style=\"color: #333399;\"><em>Lees meer<\/em><\/span><\/a><\/strong><\/p>\n<p><span style=\"color: #333399;\"><strong>Klaas Salverda: <\/strong>Piet, bij jou heb ik vaak het gevoel dat je uitspreekt wat je kennelijk aangereikt krijgt of kreeg en ge\u00efnternaliseerd hebt en dat je m\u00e9\u00e9nt wat je denkt en zegt. Zonder gebruik van moeilijke woorden. Zo schrijf je ook: helder en navolgbaar.&nbsp; <\/span><strong><a href=\"https:\/\/st48f.nl\/hekoverkant\/klaas-salverda\/\"><span style=\"color: #333399;\"><em>Lees meer<\/em><\/span><\/a><\/strong><\/p>\n<p><span style=\"color: #333399;\"><strong>Ds. Geert Bruinsma:&nbsp;<\/strong> Het is een voorrecht om enkele woorden vooraf te mogen schrijven bij deze bundel preken, waarin mijn \u2018pinkster\u2019 broeder in Christus, Piet Speelman, Gods Woord verkondigt. Preken over Gods trouw aan Isra\u00ebl, Zijn beloftes aan Abraham en de liefde van Jezus Christus voor Zijn volk. <\/span><strong><a href=\"https:\/\/st48f.nl\/hekoverkant\/ds-geert-bruinsma-2\/\"><span style=\"color: #333399;\"><em>Lees meer<\/em><\/span><\/a><\/strong><\/p>\n<p><a class=\"fasc-button fasc-size-large fasc-type-flat\" style=\"background-color: #33809e; color: #ffffff;\" href=\"https:\/\/st48f.nl\/hekoverkant\/bestellen\/\">Boek bestellen<\/a><\/p>\n<h4>&nbsp;<\/h4>\n<h4>&nbsp;<\/h4>\n<\/td>\n<\/tr>\n<\/tbody>\n<\/table>\n","protected":false},"excerpt":{"rendered":"<p>&nbsp; Buurvrouw Leentje: &#8220;Ik heb met genoegen de aanstekelijke verhalen, preken en anekdotes gelezen. Laagdrempelig en in eenvoudig, prettig taalgebruik geschreven.&nbsp; Niet alleen &nbsp;de betekenis van het religieuze karakter van het geschrevene staat voorop in dit boek, maar de liefde en de aandacht en verbinding voor de mens in de verhalen.&nbsp;Onze verbinding zit ook in [&hellip;]<\/p>\n","protected":false},"author":1,"featured_media":0,"parent":0,"menu_order":0,"comment_status":"closed","ping_status":"closed","template":"","meta":[],"_links":{"self":[{"href":"https:\/\/st48f.nl\/hekoverkant\/wp-json\/wp\/v2\/pages\/2582"}],"collection":[{"href":"https:\/\/st48f.nl\/hekoverkant\/wp-json\/wp\/v2\/pages"}],"about":[{"href":"https:\/\/st48f.nl\/hekoverkant\/wp-json\/wp\/v2\/types\/page"}],"author":[{"embeddable":true,"href":"https:\/\/st48f.nl\/hekoverkant\/wp-json\/wp\/v2\/users\/1"}],"replies":[{"embeddable":true,"href":"https:\/\/st48f.nl\/hekoverkant\/wp-json\/wp\/v2\/comments?post=2582"}],"version-history":[{"count":45,"href":"https:\/\/st48f.nl\/hekoverkant\/wp-json\/wp\/v2\/pages\/2582\/revisions"}],"predecessor-version":[{"id":2816,"href":"https:\/\/st48f.nl\/hekoverkant\/wp-json\/wp\/v2\/pages\/2582\/revisions\/2816"}],"wp:attachment":[{"href":"https:\/\/st48f.nl\/hekoverkant\/wp-json\/wp\/v2\/media?parent=2582"}],"curies":[{"name":"wp","href":"https:\/\/api.w.org\/{rel}","templated":true}]}}