{"id":2698,"date":"2026-03-02T11:47:05","date_gmt":"2026-03-02T10:47:05","guid":{"rendered":"https:\/\/st48f.nl\/hekoverkant\/?page_id=2698"},"modified":"2026-03-12T17:40:28","modified_gmt":"2026-03-12T16:40:28","slug":"klaas-salverda","status":"publish","type":"page","link":"https:\/\/st48f.nl\/hekoverkant\/klaas-salverda\/","title":{"rendered":"Klaas Salverda"},"content":{"rendered":"<h3><span style=\"color: #333399;\">Klaas Salverda<img loading=\"lazy\" class=\"wp-image-2709 alignright\" src=\"https:\/\/st48f.nl\/hekoverkant\/wp-content\/uploads\/sites\/81\/2026\/03\/Klaas-Salverda.jpg\" alt=\"\" width=\"407\" height=\"344\" srcset=\"https:\/\/st48f.nl\/hekoverkant\/wp-content\/uploads\/sites\/81\/2026\/03\/Klaas-Salverda.jpg 470w, https:\/\/st48f.nl\/hekoverkant\/wp-content\/uploads\/sites\/81\/2026\/03\/Klaas-Salverda-300x253.jpg 300w, https:\/\/st48f.nl\/hekoverkant\/wp-content\/uploads\/sites\/81\/2026\/03\/Klaas-Salverda-230x194.jpg 230w, https:\/\/st48f.nl\/hekoverkant\/wp-content\/uploads\/sites\/81\/2026\/03\/Klaas-Salverda-350x295.jpg 350w\" sizes=\"(max-width: 407px) 100vw, 407px\" \/><\/span><\/h3>\n<p><span style=\"color: #333399;\">Oud-schoolkrantredacteur Klaas Salverda (1960) begon op zijn zestiende bij de regionale pers in Friesland en studeerde aan de Universiteit van Amsterdam politicologie en massacommunicatie. Hij studeerde af op journalistieke beroepsethiek.<\/span><\/p>\n<p><span style=\"color: #333399;\">Salverda was achtereenvolgens werkzaam als kernredacteur van het vakblad De Journalist, als verslaggever bij het Noordhollands Dagblad en daarna gedurende 30 jaar als Haags redacteur in de krantenwereld en als vakbladjournalist achter de schermen op het Binnenhof. Tegenwoordig woont hij in Ysbrechtum.<\/span><\/p>\n<p><span style=\"color: #333399;\">Klaas Salverda schrijft over &#8216;Het hek aan de overkant&#8217; het volgende:<\/span><\/p>\n<p><span style=\"color: #333399;\"><em>Waarde Piet, bij jou heb ik vaak het gevoel dat je uitspreekt wat je kennelijk aangereikt krijgt of kreeg en ge\u00efnternaliseerd hebt en dat je m\u00e9\u00e9nt wat je denkt en zegt. Zonder gebruik van moeilijke woorden zoals ik in mijn eerste zin al doe.<\/em><\/span><\/p>\n<p><span style=\"color: #333399;\"><em>Zo schrijf je ook: helder en navolgbaar. Ik mocht en moest vooral kritisch meelezen in het manuscript \u2013 en ik vind het geheel regelmatig heel meeslepend. Met prachtige voorbeelden, grondige kennis, denkwijzen, exegese en str\u00f3men van genade heb je me verschillende keren echt gegrepen.<\/em><\/span><\/p>\n<p><span style=\"color: #333399;\"><em>Ok\u00e9, je bent geen dominee geworden. En ogenschijnlijk heb je niets met geleerdheid. Maar we voelen de bewogenheid, het vuur, de passie en (het wordt je allemaal gegeven) de kunst van het spreken. Want hoe nieuwsgierig maakt het als de \u2018spreker\u2019 een preek begint met \u2018Gemeente, het zal je maar gebeuren,\u00a0 je staat op het punt om naar een feestje of bijeenkomst te gaan en dan breekt de knoop van je jasje of japon. Wat heb je dan nodig?\u2019<\/em><\/span><\/p>\n<p><span style=\"color: #333399;\"><em>Je hebt dit boek ook willen schrijven als bemoediging voor hen die zoeken, geloven, twijfelen of onderweg zijn. Dat doe je even opgewekt als opwekkend. Maar het is ook een werk- en doe-boek geworden over uiterst belangrijke thema\u2019s als \u2018Wat is een gezonde gemeente?\u2019<\/em><\/span><\/p>\n<p><span style=\"color: #333399;\"><em>Wat me daarbij verraste is dat (en hoezeer) je voor elk type gemeentelid met praktisch bruikbare toepassingen komt. Bij elkaar neem je ons mee in de ontdekking dat een gezonde kerk niet bestaat uit perfecte mensen, maar uit \u2018mensen die wandelen met God, elkaar dienen en samen groeien naar Christus toe\u2019. En dat een gezonde gemeente geen eindproduct is, maar een levende gemeenschap. Die leeft van genade en Geestkracht, maar die het ook van gezonde leiding moet hebben. Dat laatste onderwerp durf je ook in alle openheid aan. Uiterst leerzaam!<\/em><\/span><\/p>\n<p>&nbsp;<\/p>\n","protected":false},"excerpt":{"rendered":"<p>Klaas Salverda Oud-schoolkrantredacteur Klaas Salverda (1960) begon op zijn zestiende bij de regionale pers in Friesland en studeerde aan de Universiteit van Amsterdam politicologie en massacommunicatie. Hij studeerde af op journalistieke beroepsethiek. Salverda was achtereenvolgens werkzaam als kernredacteur van het vakblad De Journalist, als verslaggever bij het Noordhollands Dagblad en daarna gedurende 30 jaar als [&hellip;]<\/p>\n","protected":false},"author":1,"featured_media":0,"parent":0,"menu_order":0,"comment_status":"closed","ping_status":"closed","template":"","meta":[],"_links":{"self":[{"href":"https:\/\/st48f.nl\/hekoverkant\/wp-json\/wp\/v2\/pages\/2698"}],"collection":[{"href":"https:\/\/st48f.nl\/hekoverkant\/wp-json\/wp\/v2\/pages"}],"about":[{"href":"https:\/\/st48f.nl\/hekoverkant\/wp-json\/wp\/v2\/types\/page"}],"author":[{"embeddable":true,"href":"https:\/\/st48f.nl\/hekoverkant\/wp-json\/wp\/v2\/users\/1"}],"replies":[{"embeddable":true,"href":"https:\/\/st48f.nl\/hekoverkant\/wp-json\/wp\/v2\/comments?post=2698"}],"version-history":[{"count":8,"href":"https:\/\/st48f.nl\/hekoverkant\/wp-json\/wp\/v2\/pages\/2698\/revisions"}],"predecessor-version":[{"id":2823,"href":"https:\/\/st48f.nl\/hekoverkant\/wp-json\/wp\/v2\/pages\/2698\/revisions\/2823"}],"wp:attachment":[{"href":"https:\/\/st48f.nl\/hekoverkant\/wp-json\/wp\/v2\/media?parent=2698"}],"curies":[{"name":"wp","href":"https:\/\/api.w.org\/{rel}","templated":true}]}}