{"id":2711,"date":"2026-03-03T14:53:35","date_gmt":"2026-03-03T13:53:35","guid":{"rendered":"https:\/\/st48f.nl\/hekoverkant\/?page_id=2711"},"modified":"2026-03-09T16:48:43","modified_gmt":"2026-03-09T15:48:43","slug":"ds-geert-bruinsma-2","status":"publish","type":"page","link":"https:\/\/st48f.nl\/hekoverkant\/ds-geert-bruinsma-2\/","title":{"rendered":"Ds. Geert Bruinsma"},"content":{"rendered":"<h3 data-start=\"177\" data-end=\"491\"><span style=\"color: #333399;\">Ds. Geert Bruinsma<\/span><\/h3>\n<p data-start=\"177\" data-end=\"491\"><span style=\"color: #333399;\">Ds. Geert Bruinsma is predikant in de <img loading=\"lazy\" class=\"wp-image-2721 alignleft\" src=\"https:\/\/st48f.nl\/hekoverkant\/wp-content\/uploads\/sites\/81\/2026\/03\/foto-Geert.jpg\" alt=\"\" width=\"189\" height=\"186\" srcset=\"https:\/\/st48f.nl\/hekoverkant\/wp-content\/uploads\/sites\/81\/2026\/03\/foto-Geert.jpg 710w, https:\/\/st48f.nl\/hekoverkant\/wp-content\/uploads\/sites\/81\/2026\/03\/foto-Geert-300x296.jpg 300w, https:\/\/st48f.nl\/hekoverkant\/wp-content\/uploads\/sites\/81\/2026\/03\/foto-Geert-230x227.jpg 230w, https:\/\/st48f.nl\/hekoverkant\/wp-content\/uploads\/sites\/81\/2026\/03\/foto-Geert-350x346.jpg 350w, https:\/\/st48f.nl\/hekoverkant\/wp-content\/uploads\/sites\/81\/2026\/03\/foto-Geert-480x474.jpg 480w\" sizes=\"(max-width: 189px) 100vw, 189px\" \/><em data-start=\"297\" data-end=\"303\">CGKv<\/em> (Christelijke Gereformeerde Kerk en Gereformeerde Kerk vrijgemaakt). Hij staat sinds januari 2021 in deze gemeente <em data-start=\"423\" data-end=\"443\">\u201cHet Witte Kerkje\u201d<\/em> te Sneek.<\/span><br \/>\n<span style=\"color: #333399;\">Voordat Bruinsma predikant werd, heeft hij\u00a0 een ruime carri\u00e8re in de muziek gehad: Hij was vanaf zijn 19e actief in de muziekwereld, met name als dirigent van koren en korpsen en was eigenaar van een muziekwinkel in Surhuisterveen.<\/span><br \/>\n<span style=\"color: #333399;\">Ook was Bruinsma orkestinspecteur bij het Noord Nederlands Orkest waarbij hij onder andere muziekpartijen voorbereidde en bewerkte voor uitvoeringen.<\/span><br \/>\n<span style=\"color: #333399;\">Bruinsma beschouwt muziek nog steeds als een grote passie en vergelijkt de kerk weleens met een orkest: iedereen heeft zijn eigen instrument en rol, maar samen vormen ze \u00e9\u00e9n geheel net zoals christenen in de gemeente samen \u00e9\u00e9n lichaam zijn in Christus.<\/span><\/p>\n<p data-start=\"1632\" data-end=\"2018\"><span style=\"color: #333399;\">Hoewel muziek lange tijd centraal stond in zijn leven, voelde Bruinsma al langere tijd een roeping tot het predikant schap. Met steun van zijn kerk begon hij een opleiding aan de Theologische Universiteit in Kampen, die hij in 2010 afrondde. Hij werd predikant in Frieschepalen van 2010\u20132020 en uiteindelijk beroepen in Sneek.<\/span><\/p>\n<p><span style=\"color: #333399;\">Bruinsma schrijft over &#8216;Het hek aan de overkant&#8217;<\/span><\/p>\n<p><span style=\"color: #333399;\"><em>Het is een voorrecht om enkele woorden vooraf te mogen schrijven bij deze bundel preken, waarin mijn \u2018pinkster\u2019 broeder in Christus, Piet Speelman, Gods Woord verkondigt. Preken over Gods trouw aan Isra\u00ebl, Zijn beloftes aan Abraham en de liefde van Jezus Christus voor Zijn volk.<\/em><\/span><br \/>\n<span style=\"color: #333399;\"><em>Al lezende valt direct op hoeveel hart en toewijding er vanaf elke pagina spreekt. Piet Speelman laat zien dat het niet slechts gaat om kennis of historische feiten, maar om het hart van het evangelie zelf: Gods genade. In de \u2018Ik Ben\u2019 preken, leren wie we mogen zijn in Hem, en vanuit Hosea 11 schildert Speelman ons verschillende gezichten van God die Zijn mensen niet opgeeft.<\/em><\/span><\/p>\n<p><span style=\"color: #333399;\"><em>Over een onderwerp als de plaats het Gods Verbondsvolk Isra\u00ebl, bestaan binnen de kerk al eeuwenlang uiteenlopende visies. Juist daarin nodigt Piet Speelman uit tot nadenken, gesprek en verdieping, zonder dat het gesprek verhardt of polariseert.<\/em><\/span><br \/>\n<span style=\"color: #333399;\"><em>De intentie van deze prekenbundel is helder: de lezer opnieuw laten luisteren naar de Bijbel en de lijnen in Gods handelen zichtbaar maken, van de roep van Abraham, via de beloftes aan Isra\u00ebl, tot de blijvende zegen die in Christus voor alle volken zichtbaar wordt. Het gaat om een oproep om te zien hoe Gods liefde en trouw zich uitstrekken, soms op onverwachte manieren, tot het herstel van Zijn volk en het uitnodigen van alle geslachten in Zijn genade.<\/em><\/span><\/p>\n<p><span style=\"color: #333399;\"><em>Voor mij, als predikant met een gereformeerd perspectief, heeft de preek: &#8216;Bouw Uw kerk Heer&#8217; mijn bijzondere aandacht getrokken. Praktische pastorale elementen worden toegevoegd die aansluiten bij een hedendaagse, levende gemeente. Waar de reformatorische traditie de ambtelijke structuur, doop en avondmaal sterker worden benadrukt, komt in deze preek het belang van de individuele spiritualiteit en een actief gemeenteleven naar voren. Praktische pastorale elementen die aansluiten bij een hedendaagse, levende gemeente. Dit sluit aan bij het denken van Dietrich Bonhoeffer, die de kerk beschouwt als gemeenschap die door Christus op aarde representeert, waarin onderlinge zorg, broederlijke dienst en geestelijke groei centraal staan.<\/em><\/span><\/p>\n<p><span style=\"color: #333399;\"><em>Mijn wens is dat deze bundel bij iedere lezer iets losmaakt van verwondering en hoop. Dat de woorden niet alleen gelezen worden, maar dat ze het hart raken, ons gevoel van verbondenheid in Christus verdiepen en ons inspireren om Zijn Woord met eerbied en liefde te volgen. Moge deze prekenbundel een bron van inzicht, bemoediging en inspiratie zijn, zowel in het nadenken over Gods trouw aan Isra\u00ebl als in het zien van de kerk als gemeenschap van genade en gehoorzaamheid in Christus.<\/em><\/span><\/p>\n","protected":false},"excerpt":{"rendered":"<p>Ds. Geert Bruinsma Ds. Geert Bruinsma is predikant in de CGKv (Christelijke Gereformeerde Kerk en Gereformeerde Kerk vrijgemaakt). Hij staat sinds januari 2021 in deze gemeente \u201cHet Witte Kerkje\u201d te Sneek. Voordat Bruinsma predikant werd, heeft hij\u00a0 een ruime carri\u00e8re in de muziek gehad: Hij was vanaf zijn 19e actief in de muziekwereld, met name [&hellip;]<\/p>\n","protected":false},"author":1,"featured_media":0,"parent":0,"menu_order":0,"comment_status":"closed","ping_status":"closed","template":"","meta":[],"_links":{"self":[{"href":"https:\/\/st48f.nl\/hekoverkant\/wp-json\/wp\/v2\/pages\/2711"}],"collection":[{"href":"https:\/\/st48f.nl\/hekoverkant\/wp-json\/wp\/v2\/pages"}],"about":[{"href":"https:\/\/st48f.nl\/hekoverkant\/wp-json\/wp\/v2\/types\/page"}],"author":[{"embeddable":true,"href":"https:\/\/st48f.nl\/hekoverkant\/wp-json\/wp\/v2\/users\/1"}],"replies":[{"embeddable":true,"href":"https:\/\/st48f.nl\/hekoverkant\/wp-json\/wp\/v2\/comments?post=2711"}],"version-history":[{"count":10,"href":"https:\/\/st48f.nl\/hekoverkant\/wp-json\/wp\/v2\/pages\/2711\/revisions"}],"predecessor-version":[{"id":2809,"href":"https:\/\/st48f.nl\/hekoverkant\/wp-json\/wp\/v2\/pages\/2711\/revisions\/2809"}],"wp:attachment":[{"href":"https:\/\/st48f.nl\/hekoverkant\/wp-json\/wp\/v2\/media?parent=2711"}],"curies":[{"name":"wp","href":"https:\/\/api.w.org\/{rel}","templated":true}]}}